{"id":1870,"date":"2020-11-09T22:34:35","date_gmt":"2020-11-09T21:34:35","guid":{"rendered":"http:\/\/inlinekunstlauf-krefeld.de\/?page_id=1870"},"modified":"2025-06-26T20:48:58","modified_gmt":"2025-06-26T18:48:58","slug":"skating-cats-team","status":"publish","type":"page","link":"https:\/\/inlinekunstlauf-krefeld.de\/index.php\/skating-cats-team\/","title":{"rendered":"Abteilung"},"content":{"rendered":"\n<p><strong>Trainingshallen<\/strong>: <a rel=\"noreferrer noopener\" href=\"https:\/\/www.google.de\/maps\/place\/Horkesgath+33,+47803+Krefeld\/@51.33701,6.52919,18z\/data=!3m1!4b1!4m2!3m1!1s0x47b8a563a3cfbe8d:0x5a77285f176d991a\" target=\"_blank\">Horkesgath 33, 47803 Krefeld<\/a><\/p>\n\n\n\n<p><strong>E-Mail<\/strong>: <a href=\"mailto:info@inlinekunstlauf-krefeld.de\">info@inlinekunstlauf-krefeld.de<\/a><\/p>\n\n\n\n<h2 class=\"wp-block-heading has-large-font-size\" id=\"skating-cats-team\">Skating Cats Team<\/h2>\n\n\n\n<figure class=\"wp-block-table is-style-stripes has-small-font-size\"><table><tbody><tr><td>Finja<br><br>2013 bin ich mit meinen beiden Geschwistern ein Teil der Skating Cats geworden und habe in dem Verein und dem Sport Inlinekunstlauf meine Passion gefunden.  Seitdem trainiere ich mit gro\u00dfer Motivation und freue mich sehr, seit Sommer 2021 nun auch Teil des Trainerteams zu sein. Mir macht es gro\u00dfen Spa\u00df die Kleinsten zu trainieren und die gro\u00dfartige Entwicklung der L\u00e4ufer*innen zu sehen.  Bei Fragen k\u00f6nnt ihr gerne vor oder nach dem Training zu mir kommen oder mich per WhatsApp, Signal oder E-Mail ( finjamarieehren (\u00e4t) icloud.com) kontaktieren.<\/td><td><img loading=\"lazy\" decoding=\"async\" width=\"2500\" height=\"3333\" class=\"wp-image-2225\" style=\"width: 2500px;\" src=\"https:\/\/inlinekunstlauf-krefeld.de\/wp-content\/uploads\/2022\/10\/signal-2022-10-24-21-07-10-348.jpg\" alt=\"\" srcset=\"https:\/\/inlinekunstlauf-krefeld.de\/wp-content\/uploads\/2022\/10\/signal-2022-10-24-21-07-10-348.jpg 1200w, https:\/\/inlinekunstlauf-krefeld.de\/wp-content\/uploads\/2022\/10\/signal-2022-10-24-21-07-10-348-225x300.jpg 225w, https:\/\/inlinekunstlauf-krefeld.de\/wp-content\/uploads\/2022\/10\/signal-2022-10-24-21-07-10-348-768x1024.jpg 768w, https:\/\/inlinekunstlauf-krefeld.de\/wp-content\/uploads\/2022\/10\/signal-2022-10-24-21-07-10-348-1152x1536.jpg 1152w\" sizes=\"auto, (max-width: 2500px) 100vw, 2500px\" \/><\/td><\/tr><tr><td>Jule<br><br>Seit 2013 bin ich Teil der Skating Cats. Nach langer Suche in anderen Sportarten habe ich hier im Verein meine Passion f\u00fcr das Inlinekunstlaufen entdeckt.&nbsp;<br>Teil des Trainerteams bin ich seit 2018. Es bereitet mir immer wieder aufs Neue Freude mit euch zu trainieren und euch euren Zielen ein st\u00fcckweit n\u00e4her zu bringen.<br>&nbsp;Bei Fragen jeglicher Art k\u00f6nnt ihr euch jederzeit bei mir melden entweder pers\u00f6nlich vor oder nach dem Training ansonsten auch gerne per WhatsApp oder E-Mail (juleehren (\u00e4t) gmail.com).<\/td><td><img loading=\"lazy\" decoding=\"async\" width=\"2500\" height=\"3333\" class=\"wp-image-2011\" style=\"width: 2500px;\" src=\"https:\/\/inlinekunstlauf-krefeld.de\/wp-content\/uploads\/2021\/11\/JuleEhren.jpg\" alt=\"\" srcset=\"https:\/\/inlinekunstlauf-krefeld.de\/wp-content\/uploads\/2021\/11\/JuleEhren.jpg 1200w, https:\/\/inlinekunstlauf-krefeld.de\/wp-content\/uploads\/2021\/11\/JuleEhren-225x300.jpg 225w, https:\/\/inlinekunstlauf-krefeld.de\/wp-content\/uploads\/2021\/11\/JuleEhren-768x1024.jpg 768w, https:\/\/inlinekunstlauf-krefeld.de\/wp-content\/uploads\/2021\/11\/JuleEhren-1152x1536.jpg 1152w\" sizes=\"auto, (max-width: 2500px) 100vw, 2500px\" \/><\/td><\/tr><tr><td><br>Sasha<br><br>Dank meinen M\u00e4dels bin ich seit 2012 dabei, hatte anfangs nur technische Aufgaben \u00fcbernommen, wie Fotos, Videos, Musik oder Homepage.<br>Seit Ende 2017 bin auch als Trainer mit dabei, mache Trockentraining und Basiselemente f\u00fcr Inline-Anf\u00e4nger. Habe \u00dcbungsleiter-C Lizenz.<br>Bin bei Fragen egal welcher Art immer zu sprechen, au\u00dfer der Trainingszeit, pers\u00f6nlich, per WhatsApp, Signal oder Telegram.<\/td><td><br><img loading=\"lazy\" decoding=\"async\" width=\"2500\" height=\"2105\" class=\"wp-image-1878\" style=\"width: 2500px;\" src=\"https:\/\/inlinekunstlauf-krefeld.de\/wp-content\/uploads\/2020\/11\/Sasha_Bild.jpg\" alt=\"\" srcset=\"https:\/\/inlinekunstlauf-krefeld.de\/wp-content\/uploads\/2020\/11\/Sasha_Bild.jpg 1082w, https:\/\/inlinekunstlauf-krefeld.de\/wp-content\/uploads\/2020\/11\/Sasha_Bild-300x253.jpg 300w, https:\/\/inlinekunstlauf-krefeld.de\/wp-content\/uploads\/2020\/11\/Sasha_Bild-1024x862.jpg 1024w, https:\/\/inlinekunstlauf-krefeld.de\/wp-content\/uploads\/2020\/11\/Sasha_Bild-768x647.jpg 768w\" sizes=\"auto, (max-width: 2500px) 100vw, 2500px\" \/><\/td><\/tr><tr><td>Xenia<br><br>Im Inline-Kunstlauf habe ich nicht nur ein Hobby sondern auch meine Leidenschaft als Trainerin und Choreographin entdeckt. Neben dem Training erstelle ich am liebsten Programme f\u00fcr Weihnachtsm\u00e4rchen und Shows. Erreichen k\u00f6nnt ihr mich nach dem Training \ud83d\ude09<\/td><td><br><img loading=\"lazy\" decoding=\"async\" width=\"2500\" height=\"3036\" class=\"wp-image-2026\" style=\"width: 2500px;\" src=\"https:\/\/inlinekunstlauf-krefeld.de\/wp-content\/uploads\/2022\/01\/Xenia.jpg\" alt=\"\" srcset=\"https:\/\/inlinekunstlauf-krefeld.de\/wp-content\/uploads\/2022\/01\/Xenia.jpg 867w, https:\/\/inlinekunstlauf-krefeld.de\/wp-content\/uploads\/2022\/01\/Xenia-247x300.jpg 247w, https:\/\/inlinekunstlauf-krefeld.de\/wp-content\/uploads\/2022\/01\/Xenia-843x1024.jpg 843w, https:\/\/inlinekunstlauf-krefeld.de\/wp-content\/uploads\/2022\/01\/Xenia-768x933.jpg 768w\" sizes=\"auto, (max-width: 2500px) 100vw, 2500px\" \/><\/td><\/tr><tr><td>Julie<br><br>Hey, ich bin Julie und seit 2017 Teil der Skating Cats. Ich habe schon immer gerne auf Rollen gestanden und war fasziniert, als ich zum ersten Mal das j\u00e4hrlich stattfindende Weihnachtsm\u00e4rchen des Vereins anschaute. Seit 2021 bin ich nun Nachwuchstrainerin, was mir sehr gro\u00dfen Spa\u00df macht. Ich beantworte eure Fragen gerne pers\u00f6nlich, per WhatsApp oder auch \u00fcber Email:)<\/td><td><img loading=\"lazy\" decoding=\"async\" width=\"2500\" height=\"3333\" class=\"wp-image-2221\" style=\"width: 2500px;\" src=\"https:\/\/inlinekunstlauf-krefeld.de\/wp-content\/uploads\/2022\/10\/signal-2022-10-24-15-28-45-846.jpg\" alt=\"\" srcset=\"https:\/\/inlinekunstlauf-krefeld.de\/wp-content\/uploads\/2022\/10\/signal-2022-10-24-15-28-45-846.jpg 1536w, https:\/\/inlinekunstlauf-krefeld.de\/wp-content\/uploads\/2022\/10\/signal-2022-10-24-15-28-45-846-225x300.jpg 225w, https:\/\/inlinekunstlauf-krefeld.de\/wp-content\/uploads\/2022\/10\/signal-2022-10-24-15-28-45-846-768x1024.jpg 768w, https:\/\/inlinekunstlauf-krefeld.de\/wp-content\/uploads\/2022\/10\/signal-2022-10-24-15-28-45-846-1152x1536.jpg 1152w\" sizes=\"auto, (max-width: 2500px) 100vw, 2500px\" \/><\/td><\/tr><tr><td>Radek<br><br>\u00dcbungsleiter-C Schein.<br>Trockentraining und Basiselemente f\u00fcr Inline-Anf\u00e4nger. Mit Konzentration auf Muskulatur und Bewegung. Seit 2017 dabei. Bin bei Fragen egal welcher Art immer zu sprechen, au\u00dfer der Trainingszeit, pers\u00f6nlich, per WhatsApp oder E-Mail.<\/td><td><img loading=\"lazy\" decoding=\"async\" width=\"2500\" height=\"2507\" class=\"wp-image-1900\" style=\"width: 2500px;\" src=\"https:\/\/inlinekunstlauf-krefeld.de\/wp-content\/uploads\/2020\/11\/Radek.jpg\" alt=\"\" srcset=\"https:\/\/inlinekunstlauf-krefeld.de\/wp-content\/uploads\/2020\/11\/Radek.jpg 746w, https:\/\/inlinekunstlauf-krefeld.de\/wp-content\/uploads\/2020\/11\/Radek-300x300.jpg 300w, https:\/\/inlinekunstlauf-krefeld.de\/wp-content\/uploads\/2020\/11\/Radek-150x150.jpg 150w\" sizes=\"auto, (max-width: 2500px) 100vw, 2500px\" \/><\/td><\/tr><tr><td>Kerstin<br><br>Hallo, ich hei\u00dfe Kerstin und bin seit 2012 als aktives Mitglied im Verein.&nbsp;<br>Im Jahr 2015 habe ich erfolgreich die \u00dcbungsleiter-C-Breitensport-Ausbildung absolviert und begonnen Anf\u00e4ngertraining zu geben, was mir sehr gro\u00dfen Spa\u00df gemacht hat.&nbsp;<br>Seit 2019 besitze ich auch eine \u00dcbungsleiter-B-Lizenz im Bereich Rehasport-Orthop\u00e4die.&nbsp;<br>Bei Fragen und Anregungen k\u00f6nnt ihr mich gerne per Whatsapp oder nach dem Training kontaktieren.<\/td><td><img loading=\"lazy\" decoding=\"async\" width=\"2500\" height=\"3262\" class=\"wp-image-1891\" style=\"width: 2500px;\" src=\"https:\/\/inlinekunstlauf-krefeld.de\/wp-content\/uploads\/2020\/11\/Kerstin.jpg\" alt=\"\"><\/td><\/tr><tr><td>Katia<br><br>Hallo, ich bin Katia<br>Ich trainiere seit 2011 im Inlinerverein. Seit mehreren Jahren \u00fcbernehme ich selber Gruppen. Zudem habe ich das K\u00fcrtraining \u00fcbernommen. Manchmal ist es dort sehr voll, deshalb muss man mich manchmal mehrmals erinnern oder fragen. Grunds\u00e4tzlich trainiere ich jedoch gerne mit jedem :). Lizensiert bin ich mit dem \u00dcbungsleiter C. Wenn ihr mit mir reden m\u00f6chtet, dann schreibt mich gerne per Mail (Katia.t (\u00e4t) gmx.net) oder WhatsApp an. Ich spreche auch gerne pers\u00f6nlich mit euch, allerdings bitte dann vorher mit mir absprechen um den Trainingsbetrieb nicht zu st\u00f6ren.<\/td><td><img loading=\"lazy\" decoding=\"async\" width=\"2500\" height=\"2500\" class=\"wp-image-1874\" style=\"width: 2500px;\" src=\"https:\/\/inlinekunstlauf-krefeld.de\/wp-content\/uploads\/2020\/11\/Katia_Bild.jpg\" alt=\"\" srcset=\"https:\/\/inlinekunstlauf-krefeld.de\/wp-content\/uploads\/2020\/11\/Katia_Bild.jpg 1082w, https:\/\/inlinekunstlauf-krefeld.de\/wp-content\/uploads\/2020\/11\/Katia_Bild-300x300.jpg 300w, https:\/\/inlinekunstlauf-krefeld.de\/wp-content\/uploads\/2020\/11\/Katia_Bild-1024x1024.jpg 1024w, https:\/\/inlinekunstlauf-krefeld.de\/wp-content\/uploads\/2020\/11\/Katia_Bild-150x150.jpg 150w, https:\/\/inlinekunstlauf-krefeld.de\/wp-content\/uploads\/2020\/11\/Katia_Bild-768x768.jpg 768w\" sizes=\"auto, (max-width: 2500px) 100vw, 2500px\" \/><\/td><\/tr><tr><td>J\u00f6rg<br><br>\u00dcbungsleiter-C Schein, Trampolinschein<br>Ich mache Trockentraining, Trampolin und Einsteiger- Erwachsenentraining. Motivator f\u00fcr Spa\u00df und Spiel in Kombination mit Grundlagen der Fortbewegung und Kunstlaufelemente.<br>Bin seit 2015 dabei.<br>Bei Anregungen oder Kritik direkt nach Ende des Trainings ansprechen.<br><\/td><td><img decoding=\"async\" class=\"wp-image-1874\" style=\"width: 2500px;\" src=\"https:\/\/inlinekunstlauf-krefeld.de\/wp-content\/uploads\/2025\/05\/Bild-Apr-25.jpg\" alt=\"J. Thomas\"><\/td><\/tr><tr><td>Hi, mein Name ist Milla.\u00a0<br>Seit 2014 bin ich mit meinen beiden Schwestern ein Teil der Skating Cats.<br>In diesem Sport habe ich meine Leidenschaft f\u00fcr den Inlinekunstlauf entdeckt.<br>Ich freue mich, seit 2023 nun auch Teil des Trainerteams zu sein.<br>Bei jedem Training habe ich Spa\u00df die Entwicklungen der Kinder zu beobachten, sie auf ihrem sportlichen Weg ein St\u00fcck begleiten\u00a0 zu d\u00fcrfen und viele neue Dinge beizubringen.\u00a0<br>Bei Fragen k\u00f6nnt ihr mich \u00fcber WhatsApp oder Mail erreichen oder gerne pers\u00f6nlich vor oder nach dem Training ansprechen.<br><\/td><td><img loading=\"lazy\" decoding=\"async\" width=\"2500\" height=\"3333\" class=\"wp-image-3164\" style=\"width: 2500px;\" src=\"https:\/\/inlinekunstlauf-krefeld.de\/wp-content\/uploads\/2025\/06\/IMG-20250626-WA0001.jpg\" alt=\"\" srcset=\"https:\/\/inlinekunstlauf-krefeld.de\/wp-content\/uploads\/2025\/06\/IMG-20250626-WA0001.jpg 1200w, https:\/\/inlinekunstlauf-krefeld.de\/wp-content\/uploads\/2025\/06\/IMG-20250626-WA0001-225x300.jpg 225w, https:\/\/inlinekunstlauf-krefeld.de\/wp-content\/uploads\/2025\/06\/IMG-20250626-WA0001-768x1024.jpg 768w, https:\/\/inlinekunstlauf-krefeld.de\/wp-content\/uploads\/2025\/06\/IMG-20250626-WA0001-1152x1536.jpg 1152w\" sizes=\"auto, (max-width: 2500px) 100vw, 2500px\" \/><\/td><\/tr><\/tbody><\/table><\/figure>\n\n\n\n<h2 class=\"wp-block-heading has-large-font-size\" id=\"abteilungsrat\">Abteilungsrat<\/h2>\n\n\n\n<p>Aktuell besteht aus: <\/p>\n\n\n\n<figure class=\"wp-block-table is-style-stripes\"><table><tbody><tr><td><strong>Kontakt zum 1. Crefelder SC<\/strong><\/td><td>J\u00f6rg Thomas, Sasha Gontscharuk<\/td><\/tr><tr><td><strong>Kassenwart<\/strong><\/td><td>Nicole G\u00e4rtner<\/td><\/tr><tr><td><strong>Kassenpr\u00fcfer<\/strong><\/td><td>Tim Merker, Annika Kirchner<\/td><\/tr><tr><td><strong>Elternvertreter<\/strong><\/td><td>Silke Ehren, Andreas Feth<\/td><\/tr><tr><td><strong>Teamleader Orga M\u00e4rchen<\/strong><\/td><td>Jule Ehren, Finja Ehren, Lena Rose, Katia Thomas, Julena G\u00e4rtner, Soumaja G\u00e4rtner<\/td><\/tr><tr><td><strong>Teamleader Events<\/strong><\/td><td>Katia Thomas, Radek Kunysz<\/td><\/tr><tr><td><strong>Teamleader Cafeteria<\/strong><\/td><td>Martina Thomas<\/td><\/tr><tr><td><strong>Teamleader Kost\u00fcme<\/strong><\/td><td>Nadine Grothe<\/td><\/tr><tr><td><strong>Teamleader Kulissen<\/strong><\/td><td>Silke Ehren<\/td><\/tr><tr><td><strong>Teamleader Wettbewerbe<\/strong><\/td><td>Xenia Gontscharuk (DRIV), Martina Thomas, Katia Thomas (WIFSA)<\/td><\/tr><tr><td><strong>Schminke<\/strong><\/td><td>G\u00fclhan Yikar<\/td><\/tr><tr><td><strong>Fanartikel\/Anziehsachen<\/strong><\/td><td>Radek Kunysz, Hannah Quintus-Wirtz<\/td><\/tr><tr><td><strong>Geschenkideen<\/strong><\/td><td>Lisa Thei\u00dfen<\/td><\/tr><\/tbody><\/table><\/figure>\n\n\n\n<p>Kontaktdaten bei Interesse bitte bei Trainern erfragen.<\/p>\n\n\n\n<h2 class=\"wp-block-heading\" id=\"abteilungsregeln\">Abteilungsregeln<\/h2>\n\n\n\n<p>Aktuelle Fassung der Abteilungsregeln kann hier runtergeladen werden.<\/p>\n\n\n\n<div class=\"wp-block-group is-style-default\"><div class=\"wp-block-group__inner-container is-layout-flow wp-block-group-is-layout-flow\">\n<div data-wp-interactive=\"core\/file\" class=\"wp-block-file\"><object data-wp-bind--hidden=\"!state.hasPdfPreview\" hidden class=\"wp-block-file__embed\" data=\"https:\/\/inlinekunstlauf-krefeld.de\/wp-content\/uploads\/2024\/02\/Abteilungsregeln.-Stand-08.02.2024.pdf\" type=\"application\/pdf\" style=\"width:100%;height:600px\" aria-label=\"Einbettung von Abteilungsregeln. Stand 08.02.2024.\"><\/object><a id=\"wp-block-file--media-93aa62b2-2d94-4c6e-81b5-cbcbec1d51fb\" href=\"https:\/\/inlinekunstlauf-krefeld.de\/wp-content\/uploads\/2024\/02\/Abteilungsregeln.-Stand-08.02.2024.pdf\">Abteilungsregeln. Stand 08.02.2024<\/a><a href=\"https:\/\/inlinekunstlauf-krefeld.de\/wp-content\/uploads\/2024\/02\/Abteilungsregeln.-Stand-08.02.2024.pdf\" class=\"wp-block-file__button wp-element-button\" download aria-describedby=\"wp-block-file--media-93aa62b2-2d94-4c6e-81b5-cbcbec1d51fb\">Herunterladen<\/a><\/div>\n<\/div><\/div>\n\n\n\n<p><\/p>\n","protected":false},"excerpt":{"rendered":"<p>Trainingshallen: Horkesgath 33, 47803 Krefeld E-Mail: info@inlinekunstlauf-krefeld.de Skating Cats Team Finja 2013 bin ich mit meinen beiden Geschwistern ein Teil der Skating Cats geworden und habe in dem Verein und dem Sport Inlinekunstlauf meine Passion gefunden. Seitdem trainiere ich mit gro\u00dfer Motivation und freue mich sehr, seit Sommer 2021 nun auch Teil des Trainerteams zu [&hellip;]<\/p>\n","protected":false},"author":1,"featured_media":0,"parent":0,"menu_order":3,"comment_status":"closed","ping_status":"closed","template":"","meta":{"footnotes":""},"class_list":["post-1870","page","type-page","status-publish","hentry"],"_links":{"self":[{"href":"https:\/\/inlinekunstlauf-krefeld.de\/index.php\/wp-json\/wp\/v2\/pages\/1870","targetHints":{"allow":["GET"]}}],"collection":[{"href":"https:\/\/inlinekunstlauf-krefeld.de\/index.php\/wp-json\/wp\/v2\/pages"}],"about":[{"href":"https:\/\/inlinekunstlauf-krefeld.de\/index.php\/wp-json\/wp\/v2\/types\/page"}],"author":[{"embeddable":true,"href":"https:\/\/inlinekunstlauf-krefeld.de\/index.php\/wp-json\/wp\/v2\/users\/1"}],"replies":[{"embeddable":true,"href":"https:\/\/inlinekunstlauf-krefeld.de\/index.php\/wp-json\/wp\/v2\/comments?post=1870"}],"version-history":[{"count":74,"href":"https:\/\/inlinekunstlauf-krefeld.de\/index.php\/wp-json\/wp\/v2\/pages\/1870\/revisions"}],"predecessor-version":[{"id":3166,"href":"https:\/\/inlinekunstlauf-krefeld.de\/index.php\/wp-json\/wp\/v2\/pages\/1870\/revisions\/3166"}],"wp:attachment":[{"href":"https:\/\/inlinekunstlauf-krefeld.de\/index.php\/wp-json\/wp\/v2\/media?parent=1870"}],"curies":[{"name":"wp","href":"https:\/\/api.w.org\/{rel}","templated":true}]}}