{"id":9,"date":"2015-05-21T23:25:21","date_gmt":"2015-05-21T21:25:21","guid":{"rendered":"http:\/\/inlinekunstlauf-krefeld.de\/?page_id=9"},"modified":"2025-10-06T07:35:16","modified_gmt":"2025-10-06T05:35:16","slug":"herzlich-willkommen","status":"publish","type":"page","link":"https:\/\/inlinekunstlauf-krefeld.de\/","title":{"rendered":"Skating Cats"},"content":{"rendered":"<a href=\"https:\/\/inlinekunstlauf-krefeld.de\/wp-content\/uploads\/2025\/10\/Plakat-2025-final-o-vkk-1.pdf\" class=\"pdfemb-viewer\" style=\"\" data-width=\"max\" data-height=\"max\" data-toolbar=\"bottom\" data-toolbar-fixed=\"off\">Plakat-2025-final-o-vkk-1<\/a>\n\n\n<p>M\u00f6chtet ihr uns unterst\u00fctzen? Guckt hier: <a href=\"https:\/\/inlinekunstlauf-krefeld.de\/index.php\/foerderung\/\">F\u00f6rderung<\/a><\/p>\n","protected":false},"excerpt":{"rendered":"<p>M\u00f6chtet ihr uns unterst\u00fctzen? Guckt hier: F\u00f6rderung<\/p>\n","protected":false},"author":1,"featured_media":0,"parent":0,"menu_order":0,"comment_status":"closed","ping_status":"open","template":"","meta":{"footnotes":""},"class_list":["post-9","page","type-page","status-publish","hentry"],"_links":{"self":[{"href":"https:\/\/inlinekunstlauf-krefeld.de\/index.php\/wp-json\/wp\/v2\/pages\/9","targetHints":{"allow":["GET"]}}],"collection":[{"href":"https:\/\/inlinekunstlauf-krefeld.de\/index.php\/wp-json\/wp\/v2\/pages"}],"about":[{"href":"https:\/\/inlinekunstlauf-krefeld.de\/index.php\/wp-json\/wp\/v2\/types\/page"}],"author":[{"embeddable":true,"href":"https:\/\/inlinekunstlauf-krefeld.de\/index.php\/wp-json\/wp\/v2\/users\/1"}],"replies":[{"embeddable":true,"href":"https:\/\/inlinekunstlauf-krefeld.de\/index.php\/wp-json\/wp\/v2\/comments?post=9"}],"version-history":[{"count":155,"href":"https:\/\/inlinekunstlauf-krefeld.de\/index.php\/wp-json\/wp\/v2\/pages\/9\/revisions"}],"predecessor-version":[{"id":3362,"href":"https:\/\/inlinekunstlauf-krefeld.de\/index.php\/wp-json\/wp\/v2\/pages\/9\/revisions\/3362"}],"wp:attachment":[{"href":"https:\/\/inlinekunstlauf-krefeld.de\/index.php\/wp-json\/wp\/v2\/media?parent=9"}],"curies":[{"name":"wp","href":"https:\/\/api.w.org\/{rel}","templated":true}]}}